{"id":366,"date":"2024-10-28T15:00:58","date_gmt":"2024-10-28T15:00:58","guid":{"rendered":"https:\/\/costablancawindows.com\/?page_id=366"},"modified":"2024-11-15T09:43:33","modified_gmt":"2024-11-15T09:43:33","slug":"mosquiteras","status":"publish","type":"page","link":"https:\/\/costablancawindows.com\/en\/mosquiteras\/","title":{"rendered":"MOSQUITO NETS"},"content":{"rendered":"<div data-elementor-type=\"wp-page\" data-elementor-id=\"366\" class=\"elementor elementor-366\">\n\t\t\t\t<div class=\"elementor-element elementor-element-aeb681b e-flex e-con-boxed e-con e-parent\" data-id=\"aeb681b\" data-element_type=\"container\" data-e-type=\"container\">\n\t\t\t\t\t<div class=\"e-con-inner\">\n\t\t<div class=\"elementor-element elementor-element-088beb1 e-con-full e-flex e-con e-child\" data-id=\"088beb1\" data-element_type=\"container\" data-e-type=\"container\">\n\t\t\t\t<div class=\"elementor-element elementor-element-afd1e79 elementor-widget elementor-widget-text-editor\" data-id=\"afd1e79\" data-element_type=\"widget\" data-e-type=\"widget\" data-widget_type=\"text-editor.default\">\n\t\t\t\t<div class=\"elementor-widget-container\">\n\t\t\t\t\t\t\t\t\t<p><span style=\"font-size: 14pt;\"><strong>Roll-up mosquito net:<\/strong><\/span><\/p>\n<p>\u00a0<\/p>\n<p class=\"translation-block\">Formed by a drawer and two slides, it adapts perfectly to the carpentry, being integrated into it.\n\n\nThe spring drive system combines ease of maneuverability with reliable winding. Optionally, a front installation system is available.<\/p>\t\t\t\t\t\t\t\t<\/div>\n\t\t\t\t<\/div>\n\t\t\t\t<\/div>\n\t\t<div class=\"elementor-element elementor-element-60040b8 e-con-full e-flex e-con e-child\" data-id=\"60040b8\" data-element_type=\"container\" data-e-type=\"container\">\n\t\t\t\t<div class=\"elementor-element elementor-element-265c6e4 elementor-widget elementor-widget-image\" data-id=\"265c6e4\" data-element_type=\"widget\" data-e-type=\"widget\" data-widget_type=\"image.default\">\n\t\t\t\t<div class=\"elementor-widget-container\">\n\t\t\t\t\t\t\t\t\t\t\t\t\t\t\t<img decoding=\"async\" width=\"150\" height=\"184\" src=\"https:\/\/costablancawindows.com\/wp-content\/uploads\/2024\/11\/mt_m_enroventana.png\" class=\"attachment-2048x2048 size-2048x2048 wp-image-617\" alt=\"\" srcset=\"https:\/\/costablancawindows.com\/wp-content\/uploads\/2024\/11\/mt_m_enroventana.png 150w, https:\/\/costablancawindows.com\/wp-content\/uploads\/2024\/11\/mt_m_enroventana-10x12.png 10w\" sizes=\"(max-width: 150px) 100vw, 150px\" \/>\t\t\t\t\t\t\t\t\t\t\t\t\t\t\t<\/div>\n\t\t\t\t<\/div>\n\t\t\t\t<\/div>\n\t\t\t\t\t<\/div>\n\t\t\t\t<\/div>\n\t\t<div class=\"elementor-element elementor-element-ef8aae7 e-flex e-con-boxed e-con e-parent\" data-id=\"ef8aae7\" data-element_type=\"container\" data-e-type=\"container\">\n\t\t\t\t\t<div class=\"e-con-inner\">\n\t\t<div class=\"elementor-element elementor-element-c3ff13b e-con-full e-flex e-con e-child\" data-id=\"c3ff13b\" data-element_type=\"container\" data-e-type=\"container\">\n\t\t\t\t<div class=\"elementor-element elementor-element-7db5979 elementor-widget elementor-widget-text-editor\" data-id=\"7db5979\" data-element_type=\"widget\" data-e-type=\"widget\" data-widget_type=\"text-editor.default\">\n\t\t\t\t<div class=\"elementor-widget-container\">\n\t\t\t\t\t\t\t\t\t<h4>\u00a0<\/h4>\n<h4><span style=\"font-size: 14pt;\"><b>Acordeon mosquito net of 22 mm\u00a0<\/b> available in 3 versions\u00a0<\/span><\/h4>\n<p><b>Lateral Door<\/b>:<br \/>The mesh is gathered on one of the sides and unfolds on the other side for closing.<\/p>\t\t\t\t\t\t\t\t<\/div>\n\t\t\t\t<\/div>\n\t\t\t\t<\/div>\n\t\t<div class=\"elementor-element elementor-element-44e564d e-con-full e-flex e-con e-child\" data-id=\"44e564d\" data-element_type=\"container\" data-e-type=\"container\">\n\t\t\t\t<div class=\"elementor-element elementor-element-ca8c8e7 elementor-widget elementor-widget-image\" data-id=\"ca8c8e7\" data-element_type=\"widget\" data-e-type=\"widget\" data-widget_type=\"image.default\">\n\t\t\t\t<div class=\"elementor-widget-container\">\n\t\t\t\t\t\t\t\t\t\t\t\t\t\t\t<img decoding=\"async\" width=\"150\" height=\"284\" src=\"https:\/\/costablancawindows.com\/wp-content\/uploads\/2024\/11\/mt_m_plisada22_pl.png\" class=\"attachment-medium size-medium wp-image-619\" alt=\"\" srcset=\"https:\/\/costablancawindows.com\/wp-content\/uploads\/2024\/11\/mt_m_plisada22_pl.png 150w, https:\/\/costablancawindows.com\/wp-content\/uploads\/2024\/11\/mt_m_plisada22_pl-6x12.png 6w\" sizes=\"(max-width: 150px) 100vw, 150px\" \/>\t\t\t\t\t\t\t\t\t\t\t\t\t\t\t<\/div>\n\t\t\t\t<\/div>\n\t\t\t\t<\/div>\n\t\t\t\t\t<\/div>\n\t\t\t\t<\/div>\n\t\t<div class=\"elementor-element elementor-element-d62dd15 e-flex e-con-boxed e-con e-parent\" data-id=\"d62dd15\" data-element_type=\"container\" data-e-type=\"container\">\n\t\t\t\t\t<div class=\"e-con-inner\">\n\t\t<div class=\"elementor-element elementor-element-48247d4 e-con-full e-flex e-con e-child\" data-id=\"48247d4\" data-element_type=\"container\" data-e-type=\"container\">\n\t\t\t\t<div class=\"elementor-element elementor-element-6e89a61 elementor-widget elementor-widget-text-editor\" data-id=\"6e89a61\" data-element_type=\"widget\" data-e-type=\"widget\" data-widget_type=\"text-editor.default\">\n\t\t\t\t<div class=\"elementor-widget-container\">\n\t\t\t\t\t\t\t\t\t<p><b>Reversible Door<\/b>:<br \/>The mesh is folded between two movable profiles, allowing everything to slide to one side or the other and even to the center.<\/p>\t\t\t\t\t\t\t\t<\/div>\n\t\t\t\t<\/div>\n\t\t\t\t<\/div>\n\t\t<div class=\"elementor-element elementor-element-a96b9e6 e-con-full e-flex e-con e-child\" data-id=\"a96b9e6\" data-element_type=\"container\" data-e-type=\"container\">\n\t\t\t\t<div class=\"elementor-element elementor-element-75a78f8 elementor-widget elementor-widget-image\" data-id=\"75a78f8\" data-element_type=\"widget\" data-e-type=\"widget\" data-widget_type=\"image.default\">\n\t\t\t\t<div class=\"elementor-widget-container\">\n\t\t\t\t\t\t\t\t\t\t\t\t\t\t\t<img decoding=\"async\" width=\"150\" height=\"265\" src=\"https:\/\/costablancawindows.com\/wp-content\/uploads\/2024\/11\/mt_m_plisada22_pr.jpg\" class=\"attachment-large size-large wp-image-620\" alt=\"\" srcset=\"https:\/\/costablancawindows.com\/wp-content\/uploads\/2024\/11\/mt_m_plisada22_pr.jpg 150w, https:\/\/costablancawindows.com\/wp-content\/uploads\/2024\/11\/mt_m_plisada22_pr-7x12.jpg 7w\" sizes=\"(max-width: 150px) 100vw, 150px\" \/>\t\t\t\t\t\t\t\t\t\t\t\t\t\t\t<\/div>\n\t\t\t\t<\/div>\n\t\t\t\t<\/div>\n\t\t\t\t\t<\/div>\n\t\t\t\t<\/div>\n\t\t<div class=\"elementor-element elementor-element-759742d e-flex e-con-boxed e-con e-parent\" data-id=\"759742d\" data-element_type=\"container\" data-e-type=\"container\">\n\t\t\t\t\t<div class=\"e-con-inner\">\n\t\t<div class=\"elementor-element elementor-element-fd934d9 e-con-full e-flex e-con e-child\" data-id=\"fd934d9\" data-element_type=\"container\" data-e-type=\"container\">\n\t\t\t\t<div class=\"elementor-element elementor-element-38e4a6b elementor-widget elementor-widget-text-editor\" data-id=\"38e4a6b\" data-element_type=\"widget\" data-e-type=\"widget\" data-widget_type=\"text-editor.default\">\n\t\t\t\t<div class=\"elementor-widget-container\">\n\t\t\t\t\t\t\t\t\t<p><strong>Double doors<\/strong> :<\/p>\n<p><strong>Double door acordeon mosquito net<\/strong>\u00a0a new generation of solutions for small spaces.<\/p>\t\t\t\t\t\t\t\t<\/div>\n\t\t\t\t<\/div>\n\t\t\t\t<\/div>\n\t\t<div class=\"elementor-element elementor-element-4cc68d8 e-con-full e-flex e-con e-child\" data-id=\"4cc68d8\" data-element_type=\"container\" data-e-type=\"container\">\n\t\t\t\t<div class=\"elementor-element elementor-element-c802e17 elementor-widget elementor-widget-image\" data-id=\"c802e17\" data-element_type=\"widget\" data-e-type=\"widget\" data-widget_type=\"image.default\">\n\t\t\t\t<div class=\"elementor-widget-container\">\n\t\t\t\t\t\t\t\t\t\t\t\t\t\t\t<img decoding=\"async\" src=\"https:\/\/costablancawindows.com\/wp-content\/uploads\/2024\/11\/mosquitera-plisada-puerta-lateral-2-hojas-a-medida-pietta-22.webp\" title=\"mosquitera-plisada-puerta-lateral-2-hojas-a-medida-pietta-22\" alt=\"mosquitera-plisada-puerta-lateral-2-hojas-a-medida-pietta-22\" loading=\"lazy\" \/>\t\t\t\t\t\t\t\t\t\t\t\t\t\t\t<\/div>\n\t\t\t\t<\/div>\n\t\t\t\t<\/div>\n\t\t\t\t\t<\/div>\n\t\t\t\t<\/div>\n\t\t<div class=\"elementor-element elementor-element-8c4607c e-flex e-con-boxed e-con e-parent\" data-id=\"8c4607c\" data-element_type=\"container\" data-e-type=\"container\">\n\t\t\t\t\t<div class=\"e-con-inner\">\n\t\t<div class=\"elementor-element elementor-element-fcb7c5b e-con-full e-flex e-con e-child\" data-id=\"fcb7c5b\" data-element_type=\"container\" data-e-type=\"container\">\n\t\t\t\t<div class=\"elementor-element elementor-element-6de29e1 elementor-widget elementor-widget-text-editor\" data-id=\"6de29e1\" data-element_type=\"widget\" data-e-type=\"widget\" data-widget_type=\"text-editor.default\">\n\t\t\t\t<div class=\"elementor-widget-container\">\n\t\t\t\t\t\t\t\t\t<h4><span style=\"font-size: 12pt;\"><b>\u00a0<\/b><\/span><\/h4>\n<h4><span style=\"font-size: 14pt;\"><b>Fixed mosquito nets\u00a0<\/b><\/span><\/h4>\n<p><b>FIXED<\/b>:<br \/>Ideal for covering small gaps. Very resistant, formed by a miter-cut aluminum profile and joined by means of hidden brackets.<\/p>\n<div class=\"text-center font-size-subtitle-product\">\u00a0<\/div>\t\t\t\t\t\t\t\t<\/div>\n\t\t\t\t<\/div>\n\t\t\t\t<\/div>\n\t\t<div class=\"elementor-element elementor-element-79d0d01 e-con-full e-flex e-con e-child\" data-id=\"79d0d01\" data-element_type=\"container\" data-e-type=\"container\">\n\t\t\t\t<div class=\"elementor-element elementor-element-06a27b0 elementor-widget elementor-widget-image\" data-id=\"06a27b0\" data-element_type=\"widget\" data-e-type=\"widget\" data-widget_type=\"image.default\">\n\t\t\t\t<div class=\"elementor-widget-container\">\n\t\t\t\t\t\t\t\t\t\t\t\t\t\t\t<img loading=\"lazy\" decoding=\"async\" width=\"150\" height=\"192\" src=\"https:\/\/costablancawindows.com\/wp-content\/uploads\/2024\/11\/mt_m_fija.png\" class=\"attachment-large size-large wp-image-618\" alt=\"\" srcset=\"https:\/\/costablancawindows.com\/wp-content\/uploads\/2024\/11\/mt_m_fija.png 150w, https:\/\/costablancawindows.com\/wp-content\/uploads\/2024\/11\/mt_m_fija-9x12.png 9w\" sizes=\"(max-width: 150px) 100vw, 150px\" \/>\t\t\t\t\t\t\t\t\t\t\t\t\t\t\t<\/div>\n\t\t\t\t<\/div>\n\t\t\t\t<\/div>\n\t\t\t\t\t<\/div>\n\t\t\t\t<\/div>\n\t\t<div class=\"elementor-element elementor-element-8b5914b e-flex e-con-boxed e-con e-parent\" data-id=\"8b5914b\" data-element_type=\"container\" data-e-type=\"container\">\n\t\t\t\t\t<div class=\"e-con-inner\">\n\t\t<div class=\"elementor-element elementor-element-f5bb0f7 e-con-full e-flex e-con e-child\" data-id=\"f5bb0f7\" data-element_type=\"container\" data-e-type=\"container\">\n\t\t\t\t<div class=\"elementor-element elementor-element-fbb11dd elementor-widget elementor-widget-text-editor\" data-id=\"fbb11dd\" data-element_type=\"widget\" data-e-type=\"widget\" data-widget_type=\"text-editor.default\">\n\t\t\t\t<div class=\"elementor-widget-container\">\n\t\t\t\t\t\t\t\t\t<p>\u00a0<\/p>\n<p><span style=\"font-size: 14pt;\"><strong>Sliding mosquito nets\u00a0<\/strong><\/span><\/p>\n<p>\u00a0<\/p>\n<p><b>Sliding screens Framed \/ frameless square sliding screens<\/b>:<br \/>Formed by an aluminum frame and two sashes of miter-cut profiles mounted with hidden steel brackets, which provide strength and aesthetics. In its frameless version, the sash slides on the aluminum window profile itself.<\/p>\t\t\t\t\t\t\t\t<\/div>\n\t\t\t\t<\/div>\n\t\t\t\t<\/div>\n\t\t<div class=\"elementor-element elementor-element-8aaedfe e-con-full e-flex e-con e-child\" data-id=\"8aaedfe\" data-element_type=\"container\" data-e-type=\"container\">\n\t\t\t\t<div class=\"elementor-element elementor-element-159fdb9 elementor-widget elementor-widget-image\" data-id=\"159fdb9\" data-element_type=\"widget\" data-e-type=\"widget\" data-widget_type=\"image.default\">\n\t\t\t\t<div class=\"elementor-widget-container\">\n\t\t\t\t\t\t\t\t\t\t\t\t\t\t\t<img loading=\"lazy\" decoding=\"async\" width=\"150\" height=\"155\" src=\"https:\/\/costablancawindows.com\/wp-content\/uploads\/2024\/11\/mt_m_corredera_cm.png\" class=\"attachment-large size-large wp-image-615\" alt=\"\" srcset=\"https:\/\/costablancawindows.com\/wp-content\/uploads\/2024\/11\/mt_m_corredera_cm.png 150w, https:\/\/costablancawindows.com\/wp-content\/uploads\/2024\/11\/mt_m_corredera_cm-12x12.png 12w\" sizes=\"(max-width: 150px) 100vw, 150px\" \/>\t\t\t\t\t\t\t\t\t\t\t\t\t\t\t<\/div>\n\t\t\t\t<\/div>\n\t\t\t\t<\/div>\n\t\t\t\t\t<\/div>\n\t\t\t\t<\/div>\n\t\t\t\t<\/div>","protected":false},"excerpt":{"rendered":"<p>Mosquitera enrollable: \u00a0 Formada por un caj\u00f3n y dos gu\u00edas, se adapta perfectamente a la carpinter\u00eda, quedando integrada en la misma.Disponible en dos modelos de caj\u00f3n:\u00a0\u00a0\u00a0\u00a0\u00a0&#8211;\u00a035mm\u00a0\u00a0\u00a0\u00a0\u00a0&#8211;\u00a042mm El sistema de accionamiento a muelle conjuga la facilidad de maniobra y la fiabilidad del enrollamiento. Opcionalmente, dispone de un sistema de instalaci\u00f3n frontal. \u00a0 Plisada de 22 &#8211;\u00a0 [&hellip;]<\/p>\n","protected":false},"author":1,"featured_media":0,"parent":0,"menu_order":0,"comment_status":"closed","ping_status":"closed","template":"","meta":{"site-sidebar-layout":"default","site-content-layout":"","ast-site-content-layout":"default","site-content-style":"default","site-sidebar-style":"default","ast-global-header-display":"","ast-banner-title-visibility":"","ast-main-header-display":"","ast-hfb-above-header-display":"","ast-hfb-below-header-display":"","ast-hfb-mobile-header-display":"","site-post-title":"","ast-breadcrumbs-content":"","ast-featured-img":"","footer-sml-layout":"","ast-disable-related-posts":"","theme-transparent-header-meta":"","adv-header-id-meta":"","stick-header-meta":"","header-above-stick-meta":"","header-main-stick-meta":"","header-below-stick-meta":"","astra-migrate-meta-layouts":"default","ast-page-background-enabled":"default","ast-page-background-meta":{"desktop":{"background-color":"","background-image":"","background-repeat":"repeat","background-position":"center center","background-size":"auto","background-attachment":"scroll","background-type":"","background-media":"","overlay-type":"","overlay-color":"","overlay-opacity":"","overlay-gradient":""},"tablet":{"background-color":"","background-image":"","background-repeat":"repeat","background-position":"center center","background-size":"auto","background-attachment":"scroll","background-type":"","background-media":"","overlay-type":"","overlay-color":"","overlay-opacity":"","overlay-gradient":""},"mobile":{"background-color":"","background-image":"","background-repeat":"repeat","background-position":"center center","background-size":"auto","background-attachment":"scroll","background-type":"","background-media":"","overlay-type":"","overlay-color":"","overlay-opacity":"","overlay-gradient":""}},"ast-content-background-meta":{"desktop":{"background-color":"var(--ast-global-color-5)","background-image":"","background-repeat":"repeat","background-position":"center center","background-size":"auto","background-attachment":"scroll","background-type":"","background-media":"","overlay-type":"","overlay-color":"","overlay-opacity":"","overlay-gradient":""},"tablet":{"background-color":"var(--ast-global-color-5)","background-image":"","background-repeat":"repeat","background-position":"center center","background-size":"auto","background-attachment":"scroll","background-type":"","background-media":"","overlay-type":"","overlay-color":"","overlay-opacity":"","overlay-gradient":""},"mobile":{"background-color":"var(--ast-global-color-5)","background-image":"","background-repeat":"repeat","background-position":"center center","background-size":"auto","background-attachment":"scroll","background-type":"","background-media":"","overlay-type":"","overlay-color":"","overlay-opacity":"","overlay-gradient":""}},"footnotes":""},"class_list":["post-366","page","type-page","status-publish","hentry"],"aioseo_notices":[],"_links":{"self":[{"href":"https:\/\/costablancawindows.com\/en\/wp-json\/wp\/v2\/pages\/366","targetHints":{"allow":["GET"]}}],"collection":[{"href":"https:\/\/costablancawindows.com\/en\/wp-json\/wp\/v2\/pages"}],"about":[{"href":"https:\/\/costablancawindows.com\/en\/wp-json\/wp\/v2\/types\/page"}],"author":[{"embeddable":true,"href":"https:\/\/costablancawindows.com\/en\/wp-json\/wp\/v2\/users\/1"}],"replies":[{"embeddable":true,"href":"https:\/\/costablancawindows.com\/en\/wp-json\/wp\/v2\/comments?post=366"}],"version-history":[{"count":16,"href":"https:\/\/costablancawindows.com\/en\/wp-json\/wp\/v2\/pages\/366\/revisions"}],"predecessor-version":[{"id":638,"href":"https:\/\/costablancawindows.com\/en\/wp-json\/wp\/v2\/pages\/366\/revisions\/638"}],"wp:attachment":[{"href":"https:\/\/costablancawindows.com\/en\/wp-json\/wp\/v2\/media?parent=366"}],"curies":[{"name":"wp","href":"https:\/\/api.w.org\/{rel}","templated":true}]}}