{"id":415,"date":"2024-10-31T08:30:43","date_gmt":"2024-10-31T08:30:43","guid":{"rendered":"https:\/\/costablancawindows.com\/?page_id=415"},"modified":"2024-11-19T15:28:41","modified_gmt":"2024-11-19T15:28:41","slug":"mamparas-y-platos-de-ducha","status":"publish","type":"page","link":"https:\/\/costablancawindows.com\/en\/mamparas-y-platos-de-ducha\/","title":{"rendered":"SHOWERr ENCLOSURES AND SHOWER TRAYS"},"content":{"rendered":"<div data-elementor-type=\"wp-page\" data-elementor-id=\"415\" class=\"elementor elementor-415\">\n\t\t\t\t<div class=\"elementor-element elementor-element-562d13d e-flex e-con-boxed e-con e-parent\" data-id=\"562d13d\" data-element_type=\"container\" data-e-type=\"container\">\n\t\t\t\t\t<div class=\"e-con-inner\">\n\t\t\t\t<div class=\"elementor-element elementor-element-5e8f1ff elementor-widget elementor-widget-text-editor\" data-id=\"5e8f1ff\" data-element_type=\"widget\" data-e-type=\"widget\" data-widget_type=\"text-editor.default\">\n\t\t\t\t<div class=\"elementor-widget-container\">\n\t\t\t\t\t\t\t\t\t<p><span style=\"font-size: 14pt;\">Our extensive experience allows us to offer you a wide variety of standard or custom-made shower enclosures. Choose from hundreds of models, finishes and accessories. Create a unique space where you can enjoy your bathroom like never before.<\/span><\/p>\n<p><span style=\"font-size: 14pt;\"><strong>ANTI-SCALE TREATMENT INCLUDED IN ALL MODELS\u00a0<\/strong><\/span><\/p>\t\t\t\t\t\t\t\t<\/div>\n\t\t\t\t<\/div>\n\t\t\t\t\t<\/div>\n\t\t\t\t<\/div>\n\t\t<div class=\"elementor-element elementor-element-ca75747 e-flex e-con-boxed e-con e-parent\" data-id=\"ca75747\" data-element_type=\"container\" data-e-type=\"container\">\n\t\t\t\t\t<div class=\"e-con-inner\">\n\t\t<div class=\"elementor-element elementor-element-61ecc99 e-con-full e-flex e-con e-child\" data-id=\"61ecc99\" data-element_type=\"container\" data-e-type=\"container\">\n\t\t\t\t<div class=\"elementor-element elementor-element-b3829fd elementor-widget elementor-widget-image\" data-id=\"b3829fd\" data-element_type=\"widget\" data-e-type=\"widget\" data-widget_type=\"image.default\">\n\t\t\t\t<div class=\"elementor-widget-container\">\n\t\t\t\t\t\t\t\t\t\t\t\t\t\t\t<img fetchpriority=\"high\" decoding=\"async\" width=\"1024\" height=\"588\" src=\"https:\/\/costablancawindows.com\/wp-content\/uploads\/2024\/11\/LarisaRET-1024x588.avif\" class=\"attachment-large size-large wp-image-711\" alt=\"\" srcset=\"https:\/\/costablancawindows.com\/wp-content\/uploads\/2024\/11\/LarisaRET-1024x588.avif 1024w, https:\/\/costablancawindows.com\/wp-content\/uploads\/2024\/11\/LarisaRET-300x172.avif 300w, https:\/\/costablancawindows.com\/wp-content\/uploads\/2024\/11\/LarisaRET-768x441.avif 768w, https:\/\/costablancawindows.com\/wp-content\/uploads\/2024\/11\/LarisaRET-18x10.avif 18w, https:\/\/costablancawindows.com\/wp-content\/uploads\/2024\/11\/LarisaRET-600x344.avif 600w, https:\/\/costablancawindows.com\/wp-content\/uploads\/2024\/11\/LarisaRET.avif 1300w\" sizes=\"(max-width: 1024px) 100vw, 1024px\" \/>\t\t\t\t\t\t\t\t\t\t\t\t\t\t\t<\/div>\n\t\t\t\t<\/div>\n\t\t\t\t<\/div>\n\t\t<div class=\"elementor-element elementor-element-634ac99 e-con-full e-flex e-con e-child\" data-id=\"634ac99\" data-element_type=\"container\" data-e-type=\"container\">\n\t\t\t\t<div class=\"elementor-element elementor-element-26f2929 elementor-widget elementor-widget-text-editor\" data-id=\"26f2929\" data-element_type=\"widget\" data-e-type=\"widget\" data-widget_type=\"text-editor.default\">\n\t\t\t\t<div class=\"elementor-widget-container\">\n\t\t\t\t\t\t\t\t\t<h3>\u00a0<\/h3>\n<h3>\u00a0<\/h3>\n<h3 class=\"font-medium font-title text-lg lg:w-80 mb-3\"><span style=\"font-size: 18pt;\">Front bathtub screen with one self-returnable panel.<\/span><\/h3>\n<p class=\"text-gray-500 lg:w-80 text-sm mb-8\"><span style=\"font-size: 18pt;\">Front bathtub screen with one self-returnable leaf, with standard profiles in shiny silver.<\/span><\/p>\t\t\t\t\t\t\t\t<\/div>\n\t\t\t\t<\/div>\n\t\t\t\t<\/div>\n\t\t\t\t\t<\/div>\n\t\t\t\t<\/div>\n\t\t<div class=\"elementor-element elementor-element-3e33c11 e-flex e-con-boxed e-con e-parent\" data-id=\"3e33c11\" data-element_type=\"container\" data-e-type=\"container\">\n\t\t\t\t\t<div class=\"e-con-inner\">\n\t\t<div class=\"elementor-element elementor-element-22c5947 e-con-full e-flex e-con e-child\" data-id=\"22c5947\" data-element_type=\"container\" data-e-type=\"container\">\n\t\t\t\t<div class=\"elementor-element elementor-element-89ce7d6 elementor-widget elementor-widget-text-editor\" data-id=\"89ce7d6\" data-element_type=\"widget\" data-e-type=\"widget\" data-widget_type=\"text-editor.default\">\n\t\t\t\t<div class=\"elementor-widget-container\">\n\t\t\t\t\t\t\t\t\t<h3>\u00a0<\/h3>\n<h3>\u00a0<\/h3>\n<h3 class=\"font-medium font-title text-lg lg:w-80 mb-3\"><span style=\"font-size: 18pt;\">Front shower enclosure with one sliding panel and one fixed panel.<\/span><\/h3>\n<p class=\"text-gray-500 lg:w-80 text-sm mb-8\"><span style=\"font-size: 18pt;\">Front shower enclosure with one sliding panel and one fixed panel, and 2.5 cm compensation profiles on each side for a better adaptation of the enclosure to the different sizes.<\/span><\/p>\t\t\t\t\t\t\t\t<\/div>\n\t\t\t\t<\/div>\n\t\t\t\t<\/div>\n\t\t<div class=\"elementor-element elementor-element-439a5cb e-con-full e-flex e-con e-child\" data-id=\"439a5cb\" data-element_type=\"container\" data-e-type=\"container\">\n\t\t\t\t<div class=\"elementor-element elementor-element-adab292 elementor-widget elementor-widget-image\" data-id=\"adab292\" data-element_type=\"widget\" data-e-type=\"widget\" data-widget_type=\"image.default\">\n\t\t\t\t<div class=\"elementor-widget-container\">\n\t\t\t\t\t\t\t\t\t\t\t\t\t\t\t<img decoding=\"async\" width=\"1024\" height=\"540\" src=\"https:\/\/costablancawindows.com\/wp-content\/uploads\/2024\/11\/PORTADAPROMOCIONES-1024x540.avif\" class=\"attachment-large size-large wp-image-712\" alt=\"\" srcset=\"https:\/\/costablancawindows.com\/wp-content\/uploads\/2024\/11\/PORTADAPROMOCIONES-1024x540.avif 1024w, https:\/\/costablancawindows.com\/wp-content\/uploads\/2024\/11\/PORTADAPROMOCIONES-300x158.avif 300w, https:\/\/costablancawindows.com\/wp-content\/uploads\/2024\/11\/PORTADAPROMOCIONES-768x405.avif 768w, https:\/\/costablancawindows.com\/wp-content\/uploads\/2024\/11\/PORTADAPROMOCIONES-18x9.avif 18w, https:\/\/costablancawindows.com\/wp-content\/uploads\/2024\/11\/PORTADAPROMOCIONES-600x316.avif 600w, https:\/\/costablancawindows.com\/wp-content\/uploads\/2024\/11\/PORTADAPROMOCIONES.avif 1300w\" sizes=\"(max-width: 1024px) 100vw, 1024px\" \/>\t\t\t\t\t\t\t\t\t\t\t\t\t\t\t<\/div>\n\t\t\t\t<\/div>\n\t\t\t\t<\/div>\n\t\t\t\t\t<\/div>\n\t\t\t\t<\/div>\n\t\t<div class=\"elementor-element elementor-element-5a0bc52 e-flex e-con-boxed e-con e-parent\" data-id=\"5a0bc52\" data-element_type=\"container\" data-e-type=\"container\">\n\t\t\t\t\t<div class=\"e-con-inner\">\n\t\t<div class=\"elementor-element elementor-element-efee090 e-con-full e-flex e-con e-child\" data-id=\"efee090\" data-element_type=\"container\" data-e-type=\"container\">\n\t\t\t\t<div class=\"elementor-element elementor-element-245e30f elementor-widget elementor-widget-image\" data-id=\"245e30f\" data-element_type=\"widget\" data-e-type=\"widget\" data-widget_type=\"image.default\">\n\t\t\t\t<div class=\"elementor-widget-container\">\n\t\t\t\t\t\t\t\t\t\t\t\t\t\t\t<img decoding=\"async\" width=\"1024\" height=\"660\" src=\"https:\/\/costablancawindows.com\/wp-content\/uploads\/2024\/11\/LONDRESAMB-1024x660.avif\" class=\"attachment-large size-large wp-image-713\" alt=\"\" srcset=\"https:\/\/costablancawindows.com\/wp-content\/uploads\/2024\/11\/LONDRESAMB-1024x660.avif 1024w, https:\/\/costablancawindows.com\/wp-content\/uploads\/2024\/11\/LONDRESAMB-300x193.avif 300w, https:\/\/costablancawindows.com\/wp-content\/uploads\/2024\/11\/LONDRESAMB-768x495.avif 768w, https:\/\/costablancawindows.com\/wp-content\/uploads\/2024\/11\/LONDRESAMB-18x12.avif 18w, https:\/\/costablancawindows.com\/wp-content\/uploads\/2024\/11\/LONDRESAMB-600x387.avif 600w, https:\/\/costablancawindows.com\/wp-content\/uploads\/2024\/11\/LONDRESAMB.avif 1300w\" sizes=\"(max-width: 1024px) 100vw, 1024px\" \/>\t\t\t\t\t\t\t\t\t\t\t\t\t\t\t<\/div>\n\t\t\t\t<\/div>\n\t\t\t\t<\/div>\n\t\t<div class=\"elementor-element elementor-element-2c59a33 e-con-full e-flex e-con e-child\" data-id=\"2c59a33\" data-element_type=\"container\" data-e-type=\"container\">\n\t\t\t\t<div class=\"elementor-element elementor-element-849e9e6 elementor-widget elementor-widget-text-editor\" data-id=\"849e9e6\" data-element_type=\"widget\" data-e-type=\"widget\" data-widget_type=\"text-editor.default\">\n\t\t\t\t<div class=\"elementor-widget-container\">\n\t\t\t\t\t\t\t\t\t<h3>\u00a0<\/h3>\n<h3 class=\"font-medium font-title text-lg lg:w-80 mb-3\"><span style=\"font-size: 18pt;\">Angular shower enclosure with two sliding panels and two fixed panels.<\/span><\/h3>\n<p class=\"text-gray-500 lg:w-80 text-sm mb-8\"><span style=\"font-size: 18pt;\">Angular shower enclosure with two sliding panels and two fixed panels, with compensation profiles of 2 cm on each side for a better adaptation of the screen to the different measures, profile with double-sided tape and double-sided anti-limescale included.<\/span><\/p>\n<div class=\"text-gray-500 text-sm mb-6\">\u00a0<\/div>\t\t\t\t\t\t\t\t<\/div>\n\t\t\t\t<\/div>\n\t\t\t\t<\/div>\n\t\t\t\t\t<\/div>\n\t\t\t\t<\/div>\n\t\t<div class=\"elementor-element elementor-element-23791ac e-flex e-con-boxed e-con e-parent\" data-id=\"23791ac\" data-element_type=\"container\" data-e-type=\"container\">\n\t\t\t\t\t<div class=\"e-con-inner\">\n\t\t<div class=\"elementor-element elementor-element-9abb15c e-con-full e-flex e-con e-child\" data-id=\"9abb15c\" data-element_type=\"container\" data-e-type=\"container\">\n\t\t\t\t<div class=\"elementor-element elementor-element-b99430f elementor-widget elementor-widget-text-editor\" data-id=\"b99430f\" data-element_type=\"widget\" data-e-type=\"widget\" data-widget_type=\"text-editor.default\">\n\t\t\t\t<div class=\"elementor-widget-container\">\n\t\t\t\t\t\t\t\t\t<h3>\u00a0<\/h3>\n<h3>\u00a0<\/h3>\n<h3>\u00a0<\/h3>\n<h3>\u00a0<\/h3>\n<h3>\u00a0<\/h3>\n<h3>\u00a0<\/h3>\n<h3 class=\"font-medium font-title text-lg lg:w-80 mb-3\"><span style=\"font-size: 18pt;\">Semi-circular shower enclosure with two sliding panels and two fixed panels.<\/span><\/h3>\n<p class=\"text-gray-500 lg:w-80 text-sm mb-8\"><span style=\"font-size: 18pt;\">Semi-circular shower enclosure with two sliding panels and two fixed panels, with 3 cm compensation profiles, for a better adaptation of the enclosure to different sizes.<\/span><\/p>\t\t\t\t\t\t\t\t<\/div>\n\t\t\t\t<\/div>\n\t\t\t\t<\/div>\n\t\t<div class=\"elementor-element elementor-element-99a7b24 e-con-full e-flex e-con e-child\" data-id=\"99a7b24\" data-element_type=\"container\" data-e-type=\"container\">\n\t\t\t\t<div class=\"elementor-element elementor-element-f26894e elementor-widget elementor-widget-image\" data-id=\"f26894e\" data-element_type=\"widget\" data-e-type=\"widget\" data-widget_type=\"image.default\">\n\t\t\t\t<div class=\"elementor-widget-container\">\n\t\t\t\t\t\t\t\t\t\t\t\t\t\t\t<img loading=\"lazy\" decoding=\"async\" width=\"910\" height=\"1024\" src=\"https:\/\/costablancawindows.com\/wp-content\/uploads\/2024\/11\/LILLE-MUNICH-RET-910x1024.avif\" class=\"attachment-large size-large wp-image-714\" alt=\"\" srcset=\"https:\/\/costablancawindows.com\/wp-content\/uploads\/2024\/11\/LILLE-MUNICH-RET-910x1024.avif 910w, https:\/\/costablancawindows.com\/wp-content\/uploads\/2024\/11\/LILLE-MUNICH-RET-267x300.avif 267w, https:\/\/costablancawindows.com\/wp-content\/uploads\/2024\/11\/LILLE-MUNICH-RET-768x864.avif 768w, https:\/\/costablancawindows.com\/wp-content\/uploads\/2024\/11\/LILLE-MUNICH-RET-11x12.avif 11w, https:\/\/costablancawindows.com\/wp-content\/uploads\/2024\/11\/LILLE-MUNICH-RET-600x675.avif 600w, https:\/\/costablancawindows.com\/wp-content\/uploads\/2024\/11\/LILLE-MUNICH-RET.avif 1300w\" sizes=\"(max-width: 910px) 100vw, 910px\" \/>\t\t\t\t\t\t\t\t\t\t\t\t\t\t\t<\/div>\n\t\t\t\t<\/div>\n\t\t\t\t<\/div>\n\t\t\t\t\t<\/div>\n\t\t\t\t<\/div>\n\t\t<div class=\"elementor-element elementor-element-bdd3cf5 e-flex e-con-boxed e-con e-parent\" data-id=\"bdd3cf5\" data-element_type=\"container\" data-e-type=\"container\">\n\t\t\t\t\t<div class=\"e-con-inner\">\n\t\t<div class=\"elementor-element elementor-element-0623ec6 e-con-full e-flex e-con e-child\" data-id=\"0623ec6\" data-element_type=\"container\" data-e-type=\"container\">\n\t\t\t\t<div class=\"elementor-element elementor-element-f9645ca elementor-widget elementor-widget-image\" data-id=\"f9645ca\" data-element_type=\"widget\" data-e-type=\"widget\" data-widget_type=\"image.default\">\n\t\t\t\t<div class=\"elementor-widget-container\">\n\t\t\t\t\t\t\t\t\t\t\t\t\t\t\t<img loading=\"lazy\" decoding=\"async\" width=\"1024\" height=\"863\" src=\"https:\/\/costablancawindows.com\/wp-content\/uploads\/2024\/11\/44E_DocciaMEDELLIN_RV2-1024x863.avif\" class=\"attachment-large size-large wp-image-715\" alt=\"\" srcset=\"https:\/\/costablancawindows.com\/wp-content\/uploads\/2024\/11\/44E_DocciaMEDELLIN_RV2-1024x863.avif 1024w, https:\/\/costablancawindows.com\/wp-content\/uploads\/2024\/11\/44E_DocciaMEDELLIN_RV2-300x253.avif 300w, https:\/\/costablancawindows.com\/wp-content\/uploads\/2024\/11\/44E_DocciaMEDELLIN_RV2-768x647.avif 768w, https:\/\/costablancawindows.com\/wp-content\/uploads\/2024\/11\/44E_DocciaMEDELLIN_RV2-14x12.avif 14w, https:\/\/costablancawindows.com\/wp-content\/uploads\/2024\/11\/44E_DocciaMEDELLIN_RV2-600x505.avif 600w, https:\/\/costablancawindows.com\/wp-content\/uploads\/2024\/11\/44E_DocciaMEDELLIN_RV2.avif 1300w\" sizes=\"(max-width: 1024px) 100vw, 1024px\" \/>\t\t\t\t\t\t\t\t\t\t\t\t\t\t\t<\/div>\n\t\t\t\t<\/div>\n\t\t\t\t<\/div>\n\t\t<div class=\"elementor-element elementor-element-f94885f e-con-full e-flex e-con e-child\" data-id=\"f94885f\" data-element_type=\"container\" data-e-type=\"container\">\n\t\t\t\t<div class=\"elementor-element elementor-element-ac9faed elementor-widget elementor-widget-text-editor\" data-id=\"ac9faed\" data-element_type=\"widget\" data-e-type=\"widget\" data-widget_type=\"text-editor.default\">\n\t\t\t\t<div class=\"elementor-widget-container\">\n\t\t\t\t\t\t\t\t\t<h3>\u00a0<\/h3>\n<h3>\u00a0<\/h3>\n<h3>\u00a0<\/h3>\n<h3>\u00a0<\/h3>\n<h3>\u00a0<\/h3>\n<h3>\u00a0<\/h3>\n<h3 class=\"font-medium font-title text-lg lg:w-80 mb-3\"><span style=\"font-size: 18pt;\">Front shower enclosure with two sliding panels and two fixed panels.<\/span><\/h3>\n<p class=\"text-gray-500 lg:w-80 text-sm mb-8\"><span style=\"font-size: 18pt;\">Front shower enclosure with two sliding panels and two fixed panels, fixed to the wall with brackets.<\/span><\/p>\n<p>.<\/p>\t\t\t\t\t\t\t\t<\/div>\n\t\t\t\t<\/div>\n\t\t\t\t<\/div>\n\t\t\t\t\t<\/div>\n\t\t\t\t<\/div>\n\t\t<div class=\"elementor-element elementor-element-d537fe4 e-flex e-con-boxed e-con e-parent\" data-id=\"d537fe4\" data-element_type=\"container\" data-e-type=\"container\">\n\t\t\t\t\t<div class=\"e-con-inner\">\n\t\t\t\t<div class=\"elementor-element elementor-element-40f0a7c elementor-widget elementor-widget-text-editor\" data-id=\"40f0a7c\" data-element_type=\"widget\" data-e-type=\"widget\" data-widget_type=\"text-editor.default\">\n\t\t\t\t<div class=\"elementor-widget-container\">\n\t\t\t\t\t\t\t\t\t<p>\u00a0<\/p>\n<p><span style=\"font-size: 18pt;\"><strong>Platos de ducha<\/strong> <strong>antideslizantes<\/strong> &#8211;<strong> e<\/strong>\u00a0<b>resina con carga mineral<\/b>. <strong>This type of shower tray stands out for its durability and resistance.<\/strong><\/span><\/p>\t\t\t\t\t\t\t\t<\/div>\n\t\t\t\t<\/div>\n\t\t\t\t\t<\/div>\n\t\t\t\t<\/div>\n\t\t<div class=\"elementor-element elementor-element-ef5cb5b e-flex e-con-boxed e-con e-parent\" data-id=\"ef5cb5b\" data-element_type=\"container\" data-e-type=\"container\">\n\t\t\t\t\t<div class=\"e-con-inner\">\n\t\t<div class=\"elementor-element elementor-element-934b747 e-con-full e-flex e-con e-child\" data-id=\"934b747\" data-element_type=\"container\" data-e-type=\"container\">\n\t\t\t\t<div class=\"elementor-element elementor-element-dd2d310 elementor-widget elementor-widget-text-editor\" data-id=\"dd2d310\" data-element_type=\"widget\" data-e-type=\"widget\" data-widget_type=\"text-editor.default\">\n\t\t\t\t<div class=\"elementor-widget-container\">\n\t\t\t\t\t\t\t\t\t<p>\u00a0<\/p>\n<p>\u00a0<\/p>\n<p><span style=\"font-size: 18pt;\">Made of polyester resins,\u00a0<strong>state-of-the-art loads<\/strong>quartz, quartz, dolomites, carbonates and alumites. The process that this material undergoes makes it non-porous and very\u00a0<strong>resistant to shocks and abrasive products.<\/strong> The\u00a0<strong>Gel Coat layer<\/strong>The extra thin shower tray has a thickness of 3 cm, which helps it not to peel with the passage of time and use. It is an extra thin shower tray as it has a thickness of 3 cm.\u00a0<\/span><\/p>\n<p><span style=\"font-size: 18pt;\">You can choose from\u00a0<strong>6 colors<\/strong> different white, graphite beige, gray, pearl gray and mocha. The colors are uniform throughout the plate as they are integrated into the mass at the start of manufacture so that there are no untinted areas. If you need a different color than the one offered, please contact us.<\/span><\/p>\t\t\t\t\t\t\t\t<\/div>\n\t\t\t\t<\/div>\n\t\t\t\t<\/div>\n\t\t<div class=\"elementor-element elementor-element-fd69df0 e-con-full e-flex e-con e-child\" data-id=\"fd69df0\" data-element_type=\"container\" data-e-type=\"container\">\n\t\t\t\t<div class=\"elementor-element elementor-element-f310d65 elementor-widget elementor-widget-image\" data-id=\"f310d65\" data-element_type=\"widget\" data-e-type=\"widget\" data-widget_type=\"image.default\">\n\t\t\t\t<div class=\"elementor-widget-container\">\n\t\t\t\t\t\t\t\t\t\t\t\t\t\t\t<img loading=\"lazy\" decoding=\"async\" width=\"1024\" height=\"640\" src=\"https:\/\/costablancawindows.com\/wp-content\/uploads\/2024\/11\/mantenimiento-platos-de-ducha-1024x640.jpg\" class=\"attachment-large size-large wp-image-716\" alt=\"\" srcset=\"https:\/\/costablancawindows.com\/wp-content\/uploads\/2024\/11\/mantenimiento-platos-de-ducha-1024x640.jpg 1024w, https:\/\/costablancawindows.com\/wp-content\/uploads\/2024\/11\/mantenimiento-platos-de-ducha-300x188.jpg 300w, https:\/\/costablancawindows.com\/wp-content\/uploads\/2024\/11\/mantenimiento-platos-de-ducha-768x480.jpg 768w, https:\/\/costablancawindows.com\/wp-content\/uploads\/2024\/11\/mantenimiento-platos-de-ducha-1536x960.jpg 1536w, https:\/\/costablancawindows.com\/wp-content\/uploads\/2024\/11\/mantenimiento-platos-de-ducha-18x12.jpg 18w, https:\/\/costablancawindows.com\/wp-content\/uploads\/2024\/11\/mantenimiento-platos-de-ducha-600x375.jpg 600w, https:\/\/costablancawindows.com\/wp-content\/uploads\/2024\/11\/mantenimiento-platos-de-ducha.jpg 1920w\" sizes=\"(max-width: 1024px) 100vw, 1024px\" \/>\t\t\t\t\t\t\t\t\t\t\t\t\t\t\t<\/div>\n\t\t\t\t<\/div>\n\t\t\t\t<\/div>\n\t\t\t\t\t<\/div>\n\t\t\t\t<\/div>\n\t\t\t\t<\/div>","protected":false},"excerpt":{"rendered":"<p>Nuestra amplia experiencia nos permite poner a tu disposici\u00f3n una gran variedad de mamparas de ducha est\u00e1ndar o a medida. Elige entre cientos de modelos, acabados y accesorios. Crea un espacio \u00fanico donde poder disfrutar de tu ba\u00f1o como nunca antes. TRATAMIENTO ANTICAL INCLUIDO EN TODOS LOS MODELOS\u00a0 \u00a0 \u00a0 Mampara de ba\u00f1era frontal de [&hellip;]<\/p>\n","protected":false},"author":4,"featured_media":0,"parent":0,"menu_order":0,"comment_status":"closed","ping_status":"closed","template":"","meta":{"site-sidebar-layout":"default","site-content-layout":"","ast-site-content-layout":"default","site-content-style":"default","site-sidebar-style":"default","ast-global-header-display":"","ast-banner-title-visibility":"","ast-main-header-display":"","ast-hfb-above-header-display":"","ast-hfb-below-header-display":"","ast-hfb-mobile-header-display":"","site-post-title":"","ast-breadcrumbs-content":"","ast-featured-img":"","footer-sml-layout":"","ast-disable-related-posts":"","theme-transparent-header-meta":"","adv-header-id-meta":"","stick-header-meta":"","header-above-stick-meta":"","header-main-stick-meta":"","header-below-stick-meta":"","astra-migrate-meta-layouts":"default","ast-page-background-enabled":"default","ast-page-background-meta":{"desktop":{"background-color":"","background-image":"","background-repeat":"repeat","background-position":"center center","background-size":"auto","background-attachment":"scroll","background-type":"","background-media":"","overlay-type":"","overlay-color":"","overlay-opacity":"","overlay-gradient":""},"tablet":{"background-color":"","background-image":"","background-repeat":"repeat","background-position":"center center","background-size":"auto","background-attachment":"scroll","background-type":"","background-media":"","overlay-type":"","overlay-color":"","overlay-opacity":"","overlay-gradient":""},"mobile":{"background-color":"","background-image":"","background-repeat":"repeat","background-position":"center center","background-size":"auto","background-attachment":"scroll","background-type":"","background-media":"","overlay-type":"","overlay-color":"","overlay-opacity":"","overlay-gradient":""}},"ast-content-background-meta":{"desktop":{"background-color":"var(--ast-global-color-5)","background-image":"","background-repeat":"repeat","background-position":"center center","background-size":"auto","background-attachment":"scroll","background-type":"","background-media":"","overlay-type":"","overlay-color":"","overlay-opacity":"","overlay-gradient":""},"tablet":{"background-color":"var(--ast-global-color-5)","background-image":"","background-repeat":"repeat","background-position":"center center","background-size":"auto","background-attachment":"scroll","background-type":"","background-media":"","overlay-type":"","overlay-color":"","overlay-opacity":"","overlay-gradient":""},"mobile":{"background-color":"var(--ast-global-color-5)","background-image":"","background-repeat":"repeat","background-position":"center center","background-size":"auto","background-attachment":"scroll","background-type":"","background-media":"","overlay-type":"","overlay-color":"","overlay-opacity":"","overlay-gradient":""}},"footnotes":""},"class_list":["post-415","page","type-page","status-publish","hentry"],"aioseo_notices":[],"_links":{"self":[{"href":"https:\/\/costablancawindows.com\/en\/wp-json\/wp\/v2\/pages\/415","targetHints":{"allow":["GET"]}}],"collection":[{"href":"https:\/\/costablancawindows.com\/en\/wp-json\/wp\/v2\/pages"}],"about":[{"href":"https:\/\/costablancawindows.com\/en\/wp-json\/wp\/v2\/types\/page"}],"author":[{"embeddable":true,"href":"https:\/\/costablancawindows.com\/en\/wp-json\/wp\/v2\/users\/4"}],"replies":[{"embeddable":true,"href":"https:\/\/costablancawindows.com\/en\/wp-json\/wp\/v2\/comments?post=415"}],"version-history":[{"count":7,"href":"https:\/\/costablancawindows.com\/en\/wp-json\/wp\/v2\/pages\/415\/revisions"}],"predecessor-version":[{"id":722,"href":"https:\/\/costablancawindows.com\/en\/wp-json\/wp\/v2\/pages\/415\/revisions\/722"}],"wp:attachment":[{"href":"https:\/\/costablancawindows.com\/en\/wp-json\/wp\/v2\/media?parent=415"}],"curies":[{"name":"wp","href":"https:\/\/api.w.org\/{rel}","templated":true}]}}