{"id":418,"date":"2024-10-31T08:33:52","date_gmt":"2024-10-31T08:33:52","guid":{"rendered":"https:\/\/costablancawindows.com\/?page_id=418"},"modified":"2024-11-19T11:44:56","modified_gmt":"2024-11-19T11:44:56","slug":"rejas-metalicas-para-ventanas-seguridad-y-estilo","status":"publish","type":"page","link":"https:\/\/costablancawindows.com\/en\/rejas-metalicas-para-ventanas-seguridad-y-estilo\/","title":{"rendered":"METAL WINDOW GRIDS: SECURITY AND STYLE"},"content":{"rendered":"<div data-elementor-type=\"wp-page\" data-elementor-id=\"418\" class=\"elementor elementor-418\">\n\t\t\t\t<div class=\"elementor-element elementor-element-df5e4e6 e-flex e-con-boxed e-con e-parent\" data-id=\"df5e4e6\" data-element_type=\"container\" data-e-type=\"container\">\n\t\t\t\t\t<div class=\"e-con-inner\">\n\t\t\t\t<div class=\"elementor-element elementor-element-57f3116 elementor-widget elementor-widget-text-editor\" data-id=\"57f3116\" data-element_type=\"widget\" data-e-type=\"widget\" data-widget_type=\"text-editor.default\">\n\t\t\t\t<div class=\"elementor-widget-container\">\n\t\t\t\t\t\t\t\t\t<p><strong><span style=\"font-size: 18pt;\">Metal window grilles are an effective solution to increase the security of your home or business. They provide a physical barrier that deters potential intruders, while allowing light and air to enter.<\/span><\/strong><\/p>\t\t\t\t\t\t\t\t<\/div>\n\t\t\t\t<\/div>\n\t\t\t\t\t<\/div>\n\t\t\t\t<\/div>\n\t\t<div class=\"elementor-element elementor-element-5b18566 e-flex e-con-boxed e-con e-parent\" data-id=\"5b18566\" data-element_type=\"container\" data-e-type=\"container\">\n\t\t\t\t\t<div class=\"e-con-inner\">\n\t\t<div class=\"elementor-element elementor-element-805f8d1 e-con-full e-flex e-con e-child\" data-id=\"805f8d1\" data-element_type=\"container\" data-e-type=\"container\">\n\t\t\t\t<div class=\"elementor-element elementor-element-ec277f6 elementor-widget elementor-widget-image\" data-id=\"ec277f6\" data-element_type=\"widget\" data-e-type=\"widget\" data-widget_type=\"image.default\">\n\t\t\t\t<div class=\"elementor-widget-container\">\n\t\t\t\t\t\t\t\t\t\t\t\t\t\t\t<img fetchpriority=\"high\" decoding=\"async\" width=\"300\" height=\"277\" src=\"https:\/\/costablancawindows.com\/wp-content\/uploads\/2024\/11\/reja-para-ventana-ornamental-_8_1-300x277.jpg\" class=\"attachment-medium size-medium wp-image-697\" alt=\"\" srcset=\"https:\/\/costablancawindows.com\/wp-content\/uploads\/2024\/11\/reja-para-ventana-ornamental-_8_1-300x277.jpg 300w, https:\/\/costablancawindows.com\/wp-content\/uploads\/2024\/11\/reja-para-ventana-ornamental-_8_1-13x12.jpg 13w, https:\/\/costablancawindows.com\/wp-content\/uploads\/2024\/11\/reja-para-ventana-ornamental-_8_1-600x554.jpg 600w, https:\/\/costablancawindows.com\/wp-content\/uploads\/2024\/11\/reja-para-ventana-ornamental-_8_1.jpg 750w\" sizes=\"(max-width: 300px) 100vw, 300px\" \/>\t\t\t\t\t\t\t\t\t\t\t\t\t\t\t<\/div>\n\t\t\t\t<\/div>\n\t\t\t\t<\/div>\n\t\t<div class=\"elementor-element elementor-element-b3322ad e-con-full e-flex e-con e-child\" data-id=\"b3322ad\" data-element_type=\"container\" data-e-type=\"container\">\n\t\t\t\t<div class=\"elementor-element elementor-element-035232c elementor-widget elementor-widget-text-editor\" data-id=\"035232c\" data-element_type=\"widget\" data-e-type=\"widget\" data-widget_type=\"text-editor.default\">\n\t\t\t\t<div class=\"elementor-widget-container\">\n\t\t\t\t\t\t\t\t\t<p>\u00a0<\/p>\n<p>\u00a0<\/p>\n<p>\u00a0<\/p>\n<p><span style=\"font-size: 18pt;\"><strong>Fixed Grids:<\/strong><\/span><\/p>\n<ul class=\"wp-block-list\">\n<li><span style=\"font-size: 18pt;\">They are the most common and are installed directly on the window frame.<\/span><\/li>\n<li><span style=\"font-size: 18pt;\">They provide maximum safety and stability.<\/span><\/li>\n<li><span style=\"font-size: 18pt;\">Available in various designs\u00a0<\/span><\/li>\n<li><span style=\"font-size: 18pt;\">They can be lacquered in any color of the RAL color chart.\u00a0<\/span><\/li>\n<li><span style=\"font-size: 18pt;\">Material: Cast iron\u00a0<\/span><\/li>\n<\/ul>\t\t\t\t\t\t\t\t<\/div>\n\t\t\t\t<\/div>\n\t\t\t\t<\/div>\n\t\t\t\t\t<\/div>\n\t\t\t\t<\/div>\n\t\t<div class=\"elementor-element elementor-element-504536b e-flex e-con-boxed e-con e-parent\" data-id=\"504536b\" data-element_type=\"container\" data-e-type=\"container\">\n\t\t\t\t\t<div class=\"e-con-inner\">\n\t\t<div class=\"elementor-element elementor-element-8839cf8 e-con-full e-flex e-con e-child\" data-id=\"8839cf8\" data-element_type=\"container\" data-e-type=\"container\">\n\t\t\t\t<div class=\"elementor-element elementor-element-3d5d90d elementor-widget elementor-widget-text-editor\" data-id=\"3d5d90d\" data-element_type=\"widget\" data-e-type=\"widget\" data-widget_type=\"text-editor.default\">\n\t\t\t\t<div class=\"elementor-widget-container\">\n\t\t\t\t\t\t\t\t\t<p>\u00a0<\/p>\n<p><strong>\u00a0<\/strong><\/p>\n<p>\u00a0<\/p>\n<p>\u00a0<\/p>\n<p><strong> \u00a0 <span style=\"font-size: 18pt;\">\u00a0Folding grids:<\/span><\/strong><\/p>\n<ul class=\"wp-block-list\">\n<li><span style=\"font-size: 18pt;\">They can be opened to facilitate cleaning or in case of emergency.<\/span><\/li>\n<li><span style=\"font-size: 18pt;\">Ideal for frequently accessed doors.<\/span><\/li>\n<li><span style=\"font-size: 18pt;\">Increase your home's security\u00a0\u00a0<\/span><\/li>\n<li><span style=\"font-size: 18pt;\">Available in various designs\u00a0<\/span><\/li>\n<li><span style=\"font-size: 18pt;\">They can be lacquered in any color of the RAL color chart.\u00a0<\/span><\/li>\n<li><span style=\"font-size: 18pt;\">Material Hierro Fundido<\/span><\/li>\n<\/ul>\t\t\t\t\t\t\t\t<\/div>\n\t\t\t\t<\/div>\n\t\t\t\t<\/div>\n\t\t<div class=\"elementor-element elementor-element-7fed1b4 e-con-full e-flex e-con e-child\" data-id=\"7fed1b4\" data-element_type=\"container\" data-e-type=\"container\">\n\t\t\t\t<div class=\"elementor-element elementor-element-b94f8b5 elementor-widget elementor-widget-image\" data-id=\"b94f8b5\" data-element_type=\"widget\" data-e-type=\"widget\" data-widget_type=\"image.default\">\n\t\t\t\t<div class=\"elementor-widget-container\">\n\t\t\t\t\t\t\t\t\t\t\t\t\t\t\t<img decoding=\"async\" width=\"368\" height=\"420\" src=\"https:\/\/costablancawindows.com\/wp-content\/uploads\/2024\/11\/reja-abatible-para-puerta-mod-8.jpg\" class=\"attachment-large size-large wp-image-699\" alt=\"\" srcset=\"https:\/\/costablancawindows.com\/wp-content\/uploads\/2024\/11\/reja-abatible-para-puerta-mod-8.jpg 368w, https:\/\/costablancawindows.com\/wp-content\/uploads\/2024\/11\/reja-abatible-para-puerta-mod-8-263x300.jpg 263w, https:\/\/costablancawindows.com\/wp-content\/uploads\/2024\/11\/reja-abatible-para-puerta-mod-8-11x12.jpg 11w\" sizes=\"(max-width: 368px) 100vw, 368px\" \/>\t\t\t\t\t\t\t\t\t\t\t\t\t\t\t<\/div>\n\t\t\t\t<\/div>\n\t\t\t\t<\/div>\n\t\t\t\t\t<\/div>\n\t\t\t\t<\/div>\n\t\t<div class=\"elementor-element elementor-element-a37fb90 e-flex e-con-boxed e-con e-parent\" data-id=\"a37fb90\" data-element_type=\"container\" data-e-type=\"container\">\n\t\t\t\t\t<div class=\"e-con-inner\">\n\t\t<div class=\"elementor-element elementor-element-5d280f2 e-con-full e-flex e-con e-child\" data-id=\"5d280f2\" data-element_type=\"container\" data-e-type=\"container\">\n\t\t\t\t<div class=\"elementor-element elementor-element-d270e39 elementor-widget elementor-widget-image\" data-id=\"d270e39\" data-element_type=\"widget\" data-e-type=\"widget\" data-widget_type=\"image.default\">\n\t\t\t\t<div class=\"elementor-widget-container\">\n\t\t\t\t\t\t\t\t\t\t\t\t\t\t\t<img decoding=\"async\" width=\"426\" height=\"500\" src=\"https:\/\/costablancawindows.com\/wp-content\/uploads\/2024\/11\/unnamed.jpg\" class=\"attachment-medium_large size-medium_large wp-image-700\" alt=\"\" srcset=\"https:\/\/costablancawindows.com\/wp-content\/uploads\/2024\/11\/unnamed.jpg 426w, https:\/\/costablancawindows.com\/wp-content\/uploads\/2024\/11\/unnamed-256x300.jpg 256w, https:\/\/costablancawindows.com\/wp-content\/uploads\/2024\/11\/unnamed-10x12.jpg 10w\" sizes=\"(max-width: 426px) 100vw, 426px\" \/>\t\t\t\t\t\t\t\t\t\t\t\t\t\t\t<\/div>\n\t\t\t\t<\/div>\n\t\t\t\t<\/div>\n\t\t<div class=\"elementor-element elementor-element-1f4395c e-con-full e-flex e-con e-child\" data-id=\"1f4395c\" data-element_type=\"container\" data-e-type=\"container\">\n\t\t\t\t<div class=\"elementor-element elementor-element-bc92138 elementor-widget elementor-widget-text-editor\" data-id=\"bc92138\" data-element_type=\"widget\" data-e-type=\"widget\" data-widget_type=\"text-editor.default\">\n\t\t\t\t<div class=\"elementor-widget-container\">\n\t\t\t\t\t\t\t\t\t<p>\u00a0<\/p>\n<p>\u00a0<\/p>\n<p>\u00a0<\/p>\n<p>\u00a0<\/p>\n<p>\u00a0<\/p>\n<p>\u00a0<\/p>\n<p><span style=\"font-size: 18pt;\"><strong>\u00a0Crossbow Gate :<\/strong><\/span><\/p>\n<ul class=\"wp-block-list\">\n<li><span style=\"font-size: 18pt;\">They can be retracted when not in use, offering flexibility.<\/span><\/li>\n<li><span style=\"font-size: 18pt;\">Good choice for balcony or terrace windows.<\/span><\/li>\n<li><span style=\"font-size: 18pt;\">Suitable for trade\u00a0<\/span><\/li>\n<li><span style=\"font-size: 18pt;\">Material <em>anti-corrosive<\/em><\/span><\/li>\n<li><span style=\"font-size: 18pt;\">They can be lacquered in any color of the RAL color chart.\u00a0<\/span><\/li>\n<\/ul>\t\t\t\t\t\t\t\t<\/div>\n\t\t\t\t<\/div>\n\t\t\t\t<\/div>\n\t\t\t\t\t<\/div>\n\t\t\t\t<\/div>\n\t\t<div class=\"elementor-element elementor-element-d2e1fc8 e-flex e-con-boxed e-con e-parent\" data-id=\"d2e1fc8\" data-element_type=\"container\" data-e-type=\"container\">\n\t\t\t\t\t<div class=\"e-con-inner\">\n\t\t\t\t<div class=\"elementor-element elementor-element-694c960 elementor-widget elementor-widget-text-editor\" data-id=\"694c960\" data-element_type=\"widget\" data-e-type=\"widget\" data-widget_type=\"text-editor.default\">\n\t\t\t\t<div class=\"elementor-widget-container\">\n\t\t\t\t\t\t\t\t\t<p><\/p>\n<p style=\"text-align: left;\"><span style=\"font-size: 18pt;\">The main benefits of metal grating<\/span><\/p>\n<p style=\"text-align: left;\">\n<\/p><ul class=\"wp-block-list\" style=\"text-align: left;\">\n<li><span style=\"font-size: 18pt;\"><strong>Increased Security:<\/strong>&nbsp;Protects against theft and vandalism.<\/span><\/li>\n<li><span style=\"font-size: 18pt;\"><strong>Customized Style:<\/strong>&nbsp;Available in different designs and finishes.<\/span><\/li>\n<li><span style=\"font-size: 18pt;\"><strong>Durability:<\/strong>&nbsp;Resistant to the passage of time and climatic conditions<\/span><\/li>\n<\/ul>\n<p style=\"text-align: left;\"><br><\/p>\t\t\t\t\t\t\t\t<\/div>\n\t\t\t\t<\/div>\n\t\t\t\t\t<\/div>\n\t\t\t\t<\/div>\n\t\t\t\t<\/div>","protected":false},"excerpt":{"rendered":"<p>Las rejas met\u00e1licas para ventanas son una soluci\u00f3n efectiva para aumentar la seguridad de tu hogar o negocio. Ofrecen una barrera f\u00edsica que disuade a posibles intrusos, al tiempo que permiten la entrada de luz y aire. \u00a0 \u00a0 \u00a0 Rejas Fijas: Son las m\u00e1s comunes y se instalan directamente en el marco de la [&hellip;]<\/p>\n","protected":false},"author":4,"featured_media":0,"parent":0,"menu_order":0,"comment_status":"closed","ping_status":"closed","template":"","meta":{"site-sidebar-layout":"default","site-content-layout":"","ast-site-content-layout":"default","site-content-style":"default","site-sidebar-style":"default","ast-global-header-display":"","ast-banner-title-visibility":"","ast-main-header-display":"","ast-hfb-above-header-display":"","ast-hfb-below-header-display":"","ast-hfb-mobile-header-display":"","site-post-title":"","ast-breadcrumbs-content":"","ast-featured-img":"","footer-sml-layout":"","ast-disable-related-posts":"","theme-transparent-header-meta":"","adv-header-id-meta":"","stick-header-meta":"","header-above-stick-meta":"","header-main-stick-meta":"","header-below-stick-meta":"","astra-migrate-meta-layouts":"default","ast-page-background-enabled":"default","ast-page-background-meta":{"desktop":{"background-color":"","background-image":"","background-repeat":"repeat","background-position":"center center","background-size":"auto","background-attachment":"scroll","background-type":"","background-media":"","overlay-type":"","overlay-color":"","overlay-opacity":"","overlay-gradient":""},"tablet":{"background-color":"","background-image":"","background-repeat":"repeat","background-position":"center center","background-size":"auto","background-attachment":"scroll","background-type":"","background-media":"","overlay-type":"","overlay-color":"","overlay-opacity":"","overlay-gradient":""},"mobile":{"background-color":"","background-image":"","background-repeat":"repeat","background-position":"center center","background-size":"auto","background-attachment":"scroll","background-type":"","background-media":"","overlay-type":"","overlay-color":"","overlay-opacity":"","overlay-gradient":""}},"ast-content-background-meta":{"desktop":{"background-color":"var(--ast-global-color-5)","background-image":"","background-repeat":"repeat","background-position":"center center","background-size":"auto","background-attachment":"scroll","background-type":"","background-media":"","overlay-type":"","overlay-color":"","overlay-opacity":"","overlay-gradient":""},"tablet":{"background-color":"var(--ast-global-color-5)","background-image":"","background-repeat":"repeat","background-position":"center center","background-size":"auto","background-attachment":"scroll","background-type":"","background-media":"","overlay-type":"","overlay-color":"","overlay-opacity":"","overlay-gradient":""},"mobile":{"background-color":"var(--ast-global-color-5)","background-image":"","background-repeat":"repeat","background-position":"center center","background-size":"auto","background-attachment":"scroll","background-type":"","background-media":"","overlay-type":"","overlay-color":"","overlay-opacity":"","overlay-gradient":""}},"footnotes":""},"class_list":["post-418","page","type-page","status-publish","hentry"],"aioseo_notices":[],"_links":{"self":[{"href":"https:\/\/costablancawindows.com\/en\/wp-json\/wp\/v2\/pages\/418","targetHints":{"allow":["GET"]}}],"collection":[{"href":"https:\/\/costablancawindows.com\/en\/wp-json\/wp\/v2\/pages"}],"about":[{"href":"https:\/\/costablancawindows.com\/en\/wp-json\/wp\/v2\/types\/page"}],"author":[{"embeddable":true,"href":"https:\/\/costablancawindows.com\/en\/wp-json\/wp\/v2\/users\/4"}],"replies":[{"embeddable":true,"href":"https:\/\/costablancawindows.com\/en\/wp-json\/wp\/v2\/comments?post=418"}],"version-history":[{"count":10,"href":"https:\/\/costablancawindows.com\/en\/wp-json\/wp\/v2\/pages\/418\/revisions"}],"predecessor-version":[{"id":709,"href":"https:\/\/costablancawindows.com\/en\/wp-json\/wp\/v2\/pages\/418\/revisions\/709"}],"wp:attachment":[{"href":"https:\/\/costablancawindows.com\/en\/wp-json\/wp\/v2\/media?parent=418"}],"curies":[{"name":"wp","href":"https:\/\/api.w.org\/{rel}","templated":true}]}}