{"id":831,"date":"2024-12-12T15:36:25","date_gmt":"2024-12-12T15:36:25","guid":{"rendered":"https:\/\/costablancawindows.com\/?page_id=831"},"modified":"2024-12-20T12:03:54","modified_gmt":"2024-12-20T12:03:54","slug":"toldos","status":"publish","type":"page","link":"https:\/\/costablancawindows.com\/en\/toldos\/","title":{"rendered":"AWNINGS"},"content":{"rendered":"<div data-elementor-type=\"wp-page\" data-elementor-id=\"831\" class=\"elementor elementor-831\">\n\t\t\t\t<div class=\"elementor-element elementor-element-196a47f e-flex e-con-boxed e-con e-parent\" data-id=\"196a47f\" data-element_type=\"container\" data-e-type=\"container\">\n\t\t\t\t\t<div class=\"e-con-inner\">\n\t\t\t\t<div class=\"elementor-element elementor-element-19076e5 elementor-widget elementor-widget-text-editor\" data-id=\"19076e5\" data-element_type=\"widget\" data-e-type=\"widget\" data-widget_type=\"text-editor.default\">\n\t\t\t\t<div class=\"elementor-widget-container\">\n\t\t\t\t\t\t\t\t\t<p style=\"text-align: center;\"><strong><span style=\"font-size: 18pt;\">We distribute awnings for balconies, windows, terraces, patios, solariums.<\/span><\/strong><\/p><p>\u00a0<\/p>\t\t\t\t\t\t\t\t<\/div>\n\t\t\t\t<\/div>\n\t\t\t\t\t<\/div>\n\t\t\t\t<\/div>\n\t\t<div class=\"elementor-element elementor-element-3dcb496 e-flex e-con-boxed e-con e-parent\" data-id=\"3dcb496\" data-element_type=\"container\" data-e-type=\"container\">\n\t\t\t\t\t<div class=\"e-con-inner\">\n\t\t<div class=\"elementor-element elementor-element-0ea1191 e-con-full e-flex e-con e-child\" data-id=\"0ea1191\" data-element_type=\"container\" data-e-type=\"container\">\n\t\t\t\t<div class=\"elementor-element elementor-element-aca4ca7 elementor-widget elementor-widget-image\" data-id=\"aca4ca7\" data-element_type=\"widget\" data-e-type=\"widget\" data-widget_type=\"image.default\">\n\t\t\t\t<div class=\"elementor-widget-container\">\n\t\t\t\t\t\t\t\t\t\t\t\t\t\t\t<img fetchpriority=\"high\" decoding=\"async\" width=\"800\" height=\"533\" src=\"https:\/\/costablancawindows.com\/wp-content\/uploads\/2024\/12\/toldo-cofre-ares-extensible-megatoldos-620907845-1.jpg\" class=\"attachment-large size-large wp-image-835\" alt=\"\" srcset=\"https:\/\/costablancawindows.com\/wp-content\/uploads\/2024\/12\/toldo-cofre-ares-extensible-megatoldos-620907845-1.jpg 800w, https:\/\/costablancawindows.com\/wp-content\/uploads\/2024\/12\/toldo-cofre-ares-extensible-megatoldos-620907845-1-300x200.jpg 300w, https:\/\/costablancawindows.com\/wp-content\/uploads\/2024\/12\/toldo-cofre-ares-extensible-megatoldos-620907845-1-768x512.jpg 768w, https:\/\/costablancawindows.com\/wp-content\/uploads\/2024\/12\/toldo-cofre-ares-extensible-megatoldos-620907845-1-18x12.jpg 18w, https:\/\/costablancawindows.com\/wp-content\/uploads\/2024\/12\/toldo-cofre-ares-extensible-megatoldos-620907845-1-600x400.jpg 600w\" sizes=\"(max-width: 800px) 100vw, 800px\" \/>\t\t\t\t\t\t\t\t\t\t\t\t\t\t\t<\/div>\n\t\t\t\t<\/div>\n\t\t\t\t<\/div>\n\t\t<div class=\"elementor-element elementor-element-680474b e-con-full e-flex e-con e-child\" data-id=\"680474b\" data-element_type=\"container\" data-e-type=\"container\">\n\t\t\t\t<div class=\"elementor-element elementor-element-3f25d4c elementor-widget__width-initial elementor-widget elementor-widget-text-editor\" data-id=\"3f25d4c\" data-element_type=\"widget\" data-e-type=\"widget\" data-widget_type=\"text-editor.default\">\n\t\t\t\t<div class=\"elementor-widget-container\">\n\t\t\t\t\t\t\t\t\t<p><span style=\"font-size: 14pt;\"><strong><span style=\"font-family: arial, helvetica, sans-serif;\">ARES AWNING - CASSETTE FOR A LONG LIFE OF THE AWNING<\/span><\/strong><\/span><\/p><p><span style=\"font-size: 12pt; font-family: arial, helvetica, sans-serif;\"><strong>- Premium heavy-duty articulated arm with internal tensioning system.<\/strong><\/span><\/p><p><span style=\"font-size: 12pt; font-family: arial, helvetica, sans-serif;\"><strong>- Protection of the mechanism and the canvas when the awning is retracted.<\/strong><\/span><\/p><p><span style=\"font-size: 12pt; font-family: arial, helvetica, sans-serif;\"><strong>- Concealment of the mechanical fasteners.<\/strong><\/span><\/p><p><span style=\"font-size: 12pt; font-family: arial, helvetica, sans-serif;\"><strong>- PVC skid profile to extend the life of the fabric.<\/strong><\/span><\/p><p><span style=\"font-size: 12pt; font-family: arial, helvetica, sans-serif;\"><strong>- Easy to install.<\/strong><\/span><\/p><p><span style=\"font-size: 12pt; font-family: arial, helvetica, sans-serif;\"><strong>- Possibility of LED lighting on the arms<\/strong><\/span><\/p><p><span style=\"font-size: 12pt; font-family: arial, helvetica, sans-serif;\"><strong>- Plastic covers included, with option of lacquered aluminum covers.<\/strong><\/span><\/p>\t\t\t\t\t\t\t\t<\/div>\n\t\t\t\t<\/div>\n\t\t\t\t<\/div>\n\t\t\t\t\t<\/div>\n\t\t\t\t<\/div>\n\t\t<div class=\"elementor-element elementor-element-c30cd02 e-flex e-con-boxed e-con e-parent\" data-id=\"c30cd02\" data-element_type=\"container\" data-e-type=\"container\">\n\t\t\t\t\t<div class=\"e-con-inner\">\n\t\t<div class=\"elementor-element elementor-element-89d6533 e-con-full e-flex e-con e-child\" data-id=\"89d6533\" data-element_type=\"container\" data-e-type=\"container\">\n\t\t\t\t<div class=\"elementor-element elementor-element-ee526aa elementor-widget elementor-widget-text-editor\" data-id=\"ee526aa\" data-element_type=\"widget\" data-e-type=\"widget\" data-widget_type=\"text-editor.default\">\n\t\t\t\t<div class=\"elementor-widget-container\">\n\t\t\t\t\t\t\t\t\t<h2><span style=\"font-size: 18pt; font-family: arial, helvetica, sans-serif;\">Stor or balcony awning<\/span><\/h2><h5>\u00a0<\/h5><h5><span style=\"font-size: 14pt; font-family: arial, helvetica, sans-serif;\">Modelo b\u00e1sico, sencillo y econ\u00f3mico. <\/span><\/h5><h5><span style=\"font-size: 14pt; font-family: arial, helvetica, sans-serif;\">Para instalarse en balcones, pero puede tener otras aplicaciones.<\/span><\/h5><p class=\"big\"><span style=\"font-size: 14pt; font-family: arial, helvetica, sans-serif;\"><strong>Possibility of installation on the ceiling, between walls or front. Easy to operate, it can be attached to the balcony railing or detached from it with the built-in arms.<\/strong><\/span><\/p><p class=\"big\"><span style=\"font-size: 14pt; font-family: arial, helvetica, sans-serif;\"><strong>Available arm sizes: 50 or 70 centimeters<\/strong>.<\/span><\/p>\t\t\t\t\t\t\t\t<\/div>\n\t\t\t\t<\/div>\n\t\t\t\t<\/div>\n\t\t<div class=\"elementor-element elementor-element-3a15dae e-con-full e-flex e-con e-child\" data-id=\"3a15dae\" data-element_type=\"container\" data-e-type=\"container\">\n\t\t\t\t<div class=\"elementor-element elementor-element-839d0fe elementor-widget elementor-widget-image\" data-id=\"839d0fe\" data-element_type=\"widget\" data-e-type=\"widget\" data-widget_type=\"image.default\">\n\t\t\t\t<div class=\"elementor-widget-container\">\n\t\t\t\t\t\t\t\t\t\t\t\t\t\t\t<img decoding=\"async\" width=\"550\" height=\"413\" src=\"https:\/\/costablancawindows.com\/wp-content\/uploads\/2024\/12\/toldo-stor-aluxtoldo.jpg\" class=\"attachment-full size-full wp-image-842\" alt=\"\" srcset=\"https:\/\/costablancawindows.com\/wp-content\/uploads\/2024\/12\/toldo-stor-aluxtoldo.jpg 550w, https:\/\/costablancawindows.com\/wp-content\/uploads\/2024\/12\/toldo-stor-aluxtoldo-300x225.jpg 300w, https:\/\/costablancawindows.com\/wp-content\/uploads\/2024\/12\/toldo-stor-aluxtoldo-16x12.jpg 16w\" sizes=\"(max-width: 550px) 100vw, 550px\" \/>\t\t\t\t\t\t\t\t\t\t\t\t\t\t\t<\/div>\n\t\t\t\t<\/div>\n\t\t\t\t<\/div>\n\t\t\t\t\t<\/div>\n\t\t\t\t<\/div>\n\t\t<div class=\"elementor-element elementor-element-a4a443d e-flex e-con-boxed e-con e-parent\" data-id=\"a4a443d\" data-element_type=\"container\" data-e-type=\"container\">\n\t\t\t\t\t<div class=\"e-con-inner\">\n\t\t<div class=\"elementor-element elementor-element-670d81a e-con-full e-flex e-con e-child\" data-id=\"670d81a\" data-element_type=\"container\" data-e-type=\"container\">\n\t\t\t\t<div class=\"elementor-element elementor-element-a46a05a elementor-widget elementor-widget-image\" data-id=\"a46a05a\" data-element_type=\"widget\" data-e-type=\"widget\" data-widget_type=\"image.default\">\n\t\t\t\t<div class=\"elementor-widget-container\">\n\t\t\t\t\t\t\t\t\t\t\t\t\t\t\t<img decoding=\"async\" width=\"360\" height=\"389\" src=\"https:\/\/costablancawindows.com\/wp-content\/uploads\/2024\/12\/14-toldo-lona-vertical-bajante-1.jpg\" class=\"attachment-large size-large wp-image-847\" alt=\"\" srcset=\"https:\/\/costablancawindows.com\/wp-content\/uploads\/2024\/12\/14-toldo-lona-vertical-bajante-1.jpg 360w, https:\/\/costablancawindows.com\/wp-content\/uploads\/2024\/12\/14-toldo-lona-vertical-bajante-1-278x300.jpg 278w, https:\/\/costablancawindows.com\/wp-content\/uploads\/2024\/12\/14-toldo-lona-vertical-bajante-1-11x12.jpg 11w\" sizes=\"(max-width: 360px) 100vw, 360px\" \/>\t\t\t\t\t\t\t\t\t\t\t\t\t\t\t<\/div>\n\t\t\t\t<\/div>\n\t\t\t\t<\/div>\n\t\t<div class=\"elementor-element elementor-element-f8dffe7 e-con-full e-flex e-con e-child\" data-id=\"f8dffe7\" data-element_type=\"container\" data-e-type=\"container\">\n\t\t\t\t<div class=\"elementor-element elementor-element-b0a65a3 elementor-widget elementor-widget-text-editor\" data-id=\"b0a65a3\" data-element_type=\"widget\" data-e-type=\"widget\" data-widget_type=\"text-editor.default\">\n\t\t\t\t<div class=\"elementor-widget-container\">\n\t\t\t\t\t\t\t\t\t<h2><span style=\"font-size: 18pt;\">\u00a0<span style=\"font-family: arial, helvetica, sans-serif;\">Drop awning with or without side guides<\/span><\/span><\/h2><h5>\u00a0<\/h5><h5><span style=\"font-size: 14pt; font-family: arial, helvetica, sans-serif;\">Awning designed to be installed vertically on terraces, balconies and commercial installations, especially in the hospitality industry.<\/span><\/h5><p class=\"big\"><span style=\"font-size: 14pt; font-family: arial, helvetica, sans-serif;\"><strong>Perfect for enclosing terraces or porches, enabling spaces to be used all year round, isolating the area from inclement weather. <\/strong><\/span><\/p><p class=\"big\"><span style=\"font-size: 14pt; font-family: arial, helvetica, sans-serif;\"><strong>Possibility of placing flexible transparent canvas, as a window, so that natural light can enter and at the same time see the outside.<\/strong><\/span><\/p>\t\t\t\t\t\t\t\t<\/div>\n\t\t\t\t<\/div>\n\t\t\t\t<\/div>\n\t\t\t\t\t<\/div>\n\t\t\t\t<\/div>\n\t\t\t\t<\/div>","protected":false},"excerpt":{"rendered":"<p>Distribuimos toldos para balcones, ventanas, terrazas, patios, sol\u00e1riums. \u00a0 TOLDO ARES &#8211; COFRE PARA UNA LARGA VIDA DEL TOLDO \u2022 Brazo articulado Premium de gran resistencia con sistema de tensi\u00f3n interna. \u2022 Protecci\u00f3n del mecanismo y la lona cuando el toldo est\u00e1 recogido. \u2022 Ocultaci\u00f3n de los elementos mec\u00e1nicos de fijaci\u00f3n. \u2022 Perfil pat\u00edn de [&hellip;]<\/p>\n","protected":false},"author":4,"featured_media":0,"parent":0,"menu_order":0,"comment_status":"closed","ping_status":"closed","template":"","meta":{"site-sidebar-layout":"default","site-content-layout":"","ast-site-content-layout":"default","site-content-style":"default","site-sidebar-style":"default","ast-global-header-display":"","ast-banner-title-visibility":"","ast-main-header-display":"","ast-hfb-above-header-display":"","ast-hfb-below-header-display":"","ast-hfb-mobile-header-display":"","site-post-title":"","ast-breadcrumbs-content":"","ast-featured-img":"","footer-sml-layout":"","ast-disable-related-posts":"","theme-transparent-header-meta":"","adv-header-id-meta":"","stick-header-meta":"","header-above-stick-meta":"","header-main-stick-meta":"","header-below-stick-meta":"","astra-migrate-meta-layouts":"default","ast-page-background-enabled":"default","ast-page-background-meta":{"desktop":{"background-color":"","background-image":"","background-repeat":"repeat","background-position":"center center","background-size":"auto","background-attachment":"scroll","background-type":"","background-media":"","overlay-type":"","overlay-color":"","overlay-opacity":"","overlay-gradient":""},"tablet":{"background-color":"","background-image":"","background-repeat":"repeat","background-position":"center center","background-size":"auto","background-attachment":"scroll","background-type":"","background-media":"","overlay-type":"","overlay-color":"","overlay-opacity":"","overlay-gradient":""},"mobile":{"background-color":"","background-image":"","background-repeat":"repeat","background-position":"center center","background-size":"auto","background-attachment":"scroll","background-type":"","background-media":"","overlay-type":"","overlay-color":"","overlay-opacity":"","overlay-gradient":""}},"ast-content-background-meta":{"desktop":{"background-color":"var(--ast-global-color-5)","background-image":"","background-repeat":"repeat","background-position":"center center","background-size":"auto","background-attachment":"scroll","background-type":"","background-media":"","overlay-type":"","overlay-color":"","overlay-opacity":"","overlay-gradient":""},"tablet":{"background-color":"var(--ast-global-color-5)","background-image":"","background-repeat":"repeat","background-position":"center center","background-size":"auto","background-attachment":"scroll","background-type":"","background-media":"","overlay-type":"","overlay-color":"","overlay-opacity":"","overlay-gradient":""},"mobile":{"background-color":"var(--ast-global-color-5)","background-image":"","background-repeat":"repeat","background-position":"center center","background-size":"auto","background-attachment":"scroll","background-type":"","background-media":"","overlay-type":"","overlay-color":"","overlay-opacity":"","overlay-gradient":""}},"footnotes":""},"class_list":["post-831","page","type-page","status-publish","hentry"],"aioseo_notices":[],"_links":{"self":[{"href":"https:\/\/costablancawindows.com\/en\/wp-json\/wp\/v2\/pages\/831","targetHints":{"allow":["GET"]}}],"collection":[{"href":"https:\/\/costablancawindows.com\/en\/wp-json\/wp\/v2\/pages"}],"about":[{"href":"https:\/\/costablancawindows.com\/en\/wp-json\/wp\/v2\/types\/page"}],"author":[{"embeddable":true,"href":"https:\/\/costablancawindows.com\/en\/wp-json\/wp\/v2\/users\/4"}],"replies":[{"embeddable":true,"href":"https:\/\/costablancawindows.com\/en\/wp-json\/wp\/v2\/comments?post=831"}],"version-history":[{"count":17,"href":"https:\/\/costablancawindows.com\/en\/wp-json\/wp\/v2\/pages\/831\/revisions"}],"predecessor-version":[{"id":1260,"href":"https:\/\/costablancawindows.com\/en\/wp-json\/wp\/v2\/pages\/831\/revisions\/1260"}],"wp:attachment":[{"href":"https:\/\/costablancawindows.com\/en\/wp-json\/wp\/v2\/media?parent=831"}],"curies":[{"name":"wp","href":"https:\/\/api.w.org\/{rel}","templated":true}]}}